{"id":1066,"date":"2011-11-15T20:48:48","date_gmt":"2011-11-15T22:48:48","guid":{"rendered":"http:\/\/inacreditavel.com.br\/wp\/?page_id=1066"},"modified":"2026-03-11T10:25:58","modified_gmt":"2026-03-11T13:25:58","slug":"links","status":"publish","type":"page","link":"https:\/\/inacreditavel.com.br\/wp\/links\/","title":{"rendered":"Links"},"content":{"rendered":"<h3>Arquivos<\/h3>\n<ul class=\"menu\">\n<li><a href=\"http:\/\/eudocs.lib.byu.edu\/index.php\/Germany:_National_Socialism_and_World_War_II\" target=\"_blank\" rel=\"noopener\">Euro Docs<br \/>\n<\/a><\/li>\n<\/ul>\n<h3>Auto-afirma\u00e7\u00e3o s\u00f3cio-racial<\/h3>\n<ul class=\"menu\">\n<li><a href=\"http:\/\/www.palmares.gov.br\/?p=4219\" target=\"_blank\" rel=\"noopener\">Afro Latinos<br \/>\n<\/a><\/li>\n<li><a href=\"http:\/\/www.nippobrasil.com.br\/\" target=\"_blank\" rel=\"noopener\">Nippo Brasil<br \/>\n<\/a><\/li>\n<li><a href=\"http:\/\/www.trofeuracanegra.com.br\/\" target=\"_blank\" rel=\"noopener\">Trof\u00e9u Ra\u00e7a Negra<br \/>\n<\/a><\/li>\n<li><a href=\"https:\/\/www.bitchute.com\/video\/dVV7SEmc2SPF\/\" target=\"_blank\" rel=\"noopener\">Despertar Europeu<br \/>\n<\/a><\/li>\n<li><a href=\"http:\/\/www.indiosonline.net\/?page_id=3093\" target=\"_blank\" rel=\"noopener\">\u00cdndios online<br \/>\n<\/a><\/li>\n<\/ul>\n<h3>Diversos<\/h3>\n<ul class=\"menu\">\n<li><a href=\"https:\/\/das-ende-der-wanderschaft.com\/\" target=\"_blank\" rel=\"noopener\">Das Ende der Wanderschaft<\/a><\/li>\n<li><a href=\"https:\/\/web.archive.org\/web\/20220619230003\/https:\/\/wir-sind-horst.de\/\" target=\"_blank\" rel=\"noopener\">Wir sind Horst<br \/>\n<\/a><\/li>\n<li><a href=\"https:\/\/truth11.com\/\" target=\"_blank\" rel=\"noopener\">Truth11.com<br \/>\n<\/a><\/li>\n<li><a href=\"http:\/\/dieudosphere.com\/\" target=\"_blank\" rel=\"noopener\">Dieudosph\u00e8re, o site oficial de Dieudonn\u00e9<br \/>\n<\/a><\/li>\n<li><a href=\"https:\/\/web.archive.org\/web\/20161221145913\/http:\/\/fab29-palavralivre.blogspot.com.br\/\" target=\"_blank\" rel=\"noopener\">Palavra Livre<br \/>\n<\/a><\/li>\n<li><a href=\"http:\/\/www.toedter.com.br\/\" target=\"_blank\" rel=\"noopener\">Blog do Toedter<br \/>\n<\/a><\/li>\n<li><a href=\"https:\/\/web.archive.org\/web\/20210211013612\/http:\/\/www.alfredo-braga.pro.br\/discussoes\/\" target=\"_blank\" rel=\"noopener\">Alfredo Braga<br \/>\n<\/a><\/li>\n<li><a href=\"http:\/\/www.pi-news.net\/\" target=\"_blank\" rel=\"noopener\">Politically Incorrect<br \/>\n<\/a><\/li>\n<li><a href=\"http:\/\/www.nexus-magazin.de\/\" target=\"_blank\" rel=\"noopener\">Nexus Magazin<br \/>\n<\/a><\/li>\n<li><a href=\"http:\/\/alles-schallundrauch.blogspot.com\/\" target=\"_blank\" rel=\"noopener\">Alles Schall und Rauch<br \/>\n<\/a><\/li>\n<li><a href=\"http:\/\/www.counterpunch.org\/\" target=\"_blank\" rel=\"noopener\">Counterpunch<br \/>\n<\/a><\/li>\n<li><a href=\"http:\/\/hinter-der-fichte.blogspot.com.br\/\" target=\"_blank\" rel=\"noopener\">Hinter der Fichte<br \/>\n<\/a><\/li>\n<li><a href=\"http:\/\/www.nkusa.org\/\" target=\"_blank\" rel=\"noopener\">Judeus Ortodoxos contra o Sionismo<br \/>\n<\/a><\/li>\n<li><a href=\"http:\/\/www.danieleganser.ch\/\" target=\"_blank\" rel=\"noopener\">Dr. Daniele Ganser<br \/>\n<\/a><\/li>\n<li><a href=\"http:\/\/concept-veritas.com\/nj\/deutsch.htm\" target=\"_blank\" rel=\"noopener\">National Journal<br \/>\n<\/a><\/li>\n<li><a href=\"http:\/\/www.germanischeneuemedizin.de\/\" target=\"_blank\" rel=\"noopener\">Nova Medicina Germ\u00e2nica<br \/>\n<\/a><\/li>\n<li><a href=\"http:\/\/davidduke.com\/\" target=\"_blank\" rel=\"noopener\">Dr. David Duke<br \/>\n<\/a><\/li>\n<li><a href=\"http:\/\/www.anderweltonline.com\" target=\"_blank\" rel=\"noopener\">Anderwelt Online<br \/>\n<\/a><\/li>\n<li><a href=\"http:\/\/www.stein-zeit.tv\/\" target=\"_blank\" rel=\"noopener\">Stein Zeit TV<br \/>\n<\/a><\/li>\n<li><a href=\"http:\/\/nuoviso.tv\/\" target=\"_blank\" rel=\"noopener\">Nuoviso TV<br \/>\n<\/a><\/li>\n<li><a href=\"http:\/\/quer-denken.tv\/\" target=\"_blank\" rel=\"noopener\">Quer Denken TV<br \/>\n<\/a><\/li>\n<li><a href=\"http:\/\/www.voltairenet.org\/fr\" target=\"_blank\" rel=\"noopener\">Voltairenet.org<br \/>\n<\/a><\/li>\n<li><a href=\"http:\/\/www.kla.tv\/news\" target=\"_blank\" rel=\"noopener\">Klagemauer.tv<br \/>\n<\/a><\/li>\n<\/ul>\n<h3>Economia<\/h3>\n<ul class=\"menu\">\n<li><a href=\"http:\/\/deutsche-wirtschafts-nachrichten.de\/\" target=\"_blank\" rel=\"noopener\">Deutsche Wirtschafts Nachrichten<br \/>\n<\/a><\/li>\n<li><a href=\"http:\/\/www.valor.com.br\/\" target=\"_blank\" rel=\"noopener\">Valor Econ\u00f4mico<br \/>\n<\/a><\/li>\n<li><a href=\"http:\/\/www.hartgeld.com\" target=\"_blank\" rel=\"noopener\">Hartgeld<br \/>\n<\/a><\/li>\n<li><a href=\"http:\/\/www.huffingtonpost.com\/business\/\" target=\"_blank\" rel=\"noopener\">Huffingtonpost<br \/>\n<\/a><\/li>\n<\/ul>\n<h3>Revisionismo Hist\u00f3rico<\/h3>\n<ul class=\"menu\">\n<li><a href=\"https:\/\/holocaustacademy.com\/\" target=\"_blank\" rel=\"noopener\">Holocaust Academy<\/a><\/li>\n<li><a href=\"https:\/\/worldtraditionalfront.blogspot.com\/\" target=\"_blank\" rel=\"noopener\">World Traditional Front<\/a><\/li>\n<li><a href=\"http:\/\/www.fpp.co.uk\/\" target=\"_blank\" rel=\"noopener\">David Irving<\/a><\/li>\n<li><a href=\"https:\/\/elcasopedrovarela.wordpress.com\" target=\"_blank\" rel=\"noopener\">O caso Pedro Varela<\/a><\/li>\n<li><a href=\"https:\/\/avalon.law.yale.edu\/subject_menus\/imt.asp\" target=\"_blank\" rel=\"noopener\">The Avalon Project &#8211; Processo de Nuremberg<br \/>\n<\/a><\/li>\n<li><a href=\"https:\/\/holocausthandbooks.com\/\" target=\"_blank\" rel=\"noopener\">Holocaust Handbooks<\/a><\/li>\n<li><a href=\"https:\/\/holocaustencyclopedia.com\/\" target=\"_blank\" rel=\"noopener\">Enciclop\u00e9dia do Holocausto<\/a><\/li>\n<li><a href=\"http:\/\/germarrudolf.com\/\" target=\"_blank\" rel=\"noopener\">Germar Rudolf<br \/>\n<\/a><\/li>\n<li><a href=\"http:\/\/www.codoh.com\" target=\"_blank\" rel=\"noopener\">CODOH<br \/>\n<\/a><\/li>\n<li><a href=\"http:\/\/www.inconvenienthistory.com\" target=\"_blank\" rel=\"noopener\">Inconvenient History<br \/>\n<\/a><\/li>\n<li><a href=\"http:\/\/www.ihr.org\/\" target=\"_blank\" rel=\"noopener\">Institute for Historical Review<br \/>\n<\/a><\/li>\n<li><a href=\"http:\/\/juergen-graf.vho.org\/\" target=\"_blank\" rel=\"noopener\">J\u00fcrgen Graf<br \/>\n<\/a><\/li>\n<li><a href=\"http:\/\/revisionismoemlinha.blogspot.com\/\" target=\"_blank\" rel=\"noopener\">Revisionismo em linha<br \/>\n<\/a><\/li>\n<li><a href=\"http:\/\/www.barnesreview.org\/\" target=\"_blank\" rel=\"noopener\">The Barnes Review<br \/>\n<\/a><\/li>\n<li><a href=\"http:\/\/www.historiography-project.org\/\" target=\"_blank\" rel=\"noopener\">The Holocaust Historiography Project<br \/>\n<\/a><\/li>\n<li><a href=\"http:\/\/verdadehistorica.wordpress.com\/\" target=\"_blank\" rel=\"noopener\">Verdade Hist\u00f3rica<br \/>\n<\/a><\/li>\n<li><a href=\"http:\/\/www.zundelsite.org\/\" target=\"_blank\" rel=\"noopener\">Z\u00fcndel Site<br \/>\n<\/a><\/li>\n<\/ul>\n<h3>Ativismo pol\u00edtico<\/h3>\n<ul class=\"menu\">\n<li><a href=\"http:\/\/democracianacional.org\/dn\/\" target=\"_blank\" rel=\"noopener\">Democracia Nacional (Espanha)<br \/>\n<\/a><\/li>\n<li><a href=\"http:\/\/www.egaliteetreconciliation.fr\/\" target=\"_blank\" rel=\"noopener\">Egalit\u00e9 et R\u00e9conciliation (Fran\u00e7a)<br \/>\n<\/a><\/li>\n<li><a href=\"http:\/\/www.casapounditalia.org\/\" target=\"_blank\" rel=\"noopener\">Casa Pound (It\u00e1lia)<br \/>\n<\/a><\/li>\n<\/ul>\n<p>&nbsp;<\/p>\n<h3>Observa\u00e7\u00e3o importante<\/h3>\n<p>&nbsp;<\/p>\n<p>Na falta de lei espec\u00edfica no ordenamento jur\u00eddico&nbsp;brasileiro para tratar quest\u00f5es que envolvam <em>indica\u00e7\u00f5es&nbsp;<\/em>(links) de um site da internet para outro, utilizamos aqui a decis\u00e3o&nbsp;da justi\u00e7a alem\u00e3 de 12 de maio de 1998, por se tratar&nbsp;de um dos pa\u00edses onde atualmente a liberdade de pensamento \u00e9 censurada expressivamente.<\/p>\n<p>O tribunal de Hamburgo decidiu que atrav\u00e9s da <em>indica\u00e7\u00e3o&nbsp;<\/em>para outro site (links), cria-se uma co-responsabilidade perante&nbsp;o conte\u00fado do site indicado. Segundo o tribunal, isto s\u00f3&nbsp;pode ser evitado atrav\u00e9s de uma declara\u00e7\u00e3o&nbsp;expl\u00edcita de distanciamento deste conte\u00fado.<\/p>\n<p>Como em todo o site <a href=\"http:\/\/inacreditavel.com.br\/wp\/quem-somos\/\" target=\"_blank\" rel=\"noopener\">inacredit\u00e1vel.com.br<\/a>&nbsp;h\u00e1 in\u00fameras indica\u00e7\u00f5es para outras&nbsp;p\u00e1ginas armazenadas na Rede Mundial de computadores, gostar\u00edamos&nbsp;de declarar expressamente que n\u00e3o temos qualquer influ\u00eancia&nbsp;na concep\u00e7\u00e3o e conte\u00fado das p\u00e1ginas&nbsp;indicadas. Portanto, n\u00f3s nos distanciamos expressamente&nbsp;do conte\u00fado das p\u00e1ginas indicadas e n\u00e3o tornamos&nbsp;nosso seu conte\u00fado. Esta declara\u00e7\u00e3o vale&nbsp;para todas as <em>indica\u00e7\u00f5es <\/em>(links) existentes&nbsp;em nossas p\u00e1ginas.<\/p>\n<div class=\"pdf24Plugin-cp\"> \t<form name=\"pdf24Form0\" method=\"post\" action=\"https:\/\/doc2pdf.pdf24.org\/wordpress.php\" target=\"pdf24PopWin\" onsubmit=\"var pdf24Win = window.open('about:blank', 'pdf24PopWin', 'resizable=yes,scrollbars=yes,width=600,height=250,left='+(screen.width\/2-300)+',top='+(screen.height\/3-125)+''); pdf24Win.focus(); if(typeof pdf24OnCreatePDF === 'function'){void(pdf24OnCreatePDF(this,pdf24Win));}\"> \t\t<input type=\"hidden\" name=\"blogCharset\" value=\"Cw1x07UAAA==\" \/><input type=\"hidden\" name=\"blogPosts\" value=\"MwQA\" \/><input type=\"hidden\" name=\"blogUrl\" value=\"yygpKSi20tfPzEtMLkpNySxJLEvN0UvOz9VLKtIvLwAA\" \/><input type=\"hidden\" name=\"blogName\" value=\"88xLTC5KTcksSSxLzQEA\" \/><input type=\"hidden\" name=\"blogValueEncoding\" value=\"gzdeflate base64\" \/><input type=\"hidden\" name=\"postId_0\" value=\"MzQwMwMA\" \/><input type=\"hidden\" name=\"postTitle_0\" value=\"88nMyy4GAA==\" \/><input type=\"hidden\" name=\"postLink_0\" value=\"yygpKSi20tfPzEtMLkpNySxJLEvN0UvOz9VLKtIvL9DPyczLLtYHAA==\" \/><input type=\"hidden\" name=\"postAuthor_0\" value=\"S0zJzcwDAA==\" \/><input type=\"hidden\" name=\"postDateTime_0\" value=\"MzIwNNQFIVMFIwMrQ0MrEwsA\" \/><input type=\"hidden\" name=\"postContent_0\" value=\"pVnbbhvHGb7vU\/xQgcAGxKVIpUmUSCpkS7aUxpJrGTKQG2G4+5M71u7Meg6U5XfIQ7i5SFXAV25vgtzti\/WbWVIig9gctgBBcan5\/vNxuFtu7x+YN15Otd3t4+FPu76ivBLW7m3UrPwGvqnk\/q6g0vB4b6N0rvm232df6NxmlRxloxufceH7UhX8NmvKpv+UTS3UzbeXp8JJrUR1ea5zKSpp60uhistX2lR4F+by5GSDnDATdnsbl6NKqKsNMlztbSitG1ZsNvaPvNF0CGa7I0N9SNMX+7t9iIRPvsJ70MA73RNjCbbtL+3Pmmz7MZe6Z0Rgu45e19fXWSOqWhi22URPs5Hp\/7XZ+3I42Fkp6cEYkv4AlZX+A2E\/wUzJptEjI6ysslzXgd9KRqcBQ48iKJmRM3rMHhYRiidGJDN7CVx76+kFTCvoNGBX87QzpiPp8tI7Dtz6U1mw7hcXF1+fH9X58Pz5k9XcD9k2bHCIQhw07JP1RThKbbWqpOJMsYMbxYQvZbG3vbWzvZJx+1PEU0fgM7F3KKds7BrZE2xTCNtj5EuvYNO7Rk6ARF6KsYuGWm0VYekIIAKOXi3AV7mER5kweQmRM20m4bk\/3BoOt74a7Ay3t7a2tvt3R6XpWdiwV2pjXVbwaqleSUMBQscBkhYkznhXDgZpar+8P5wUBoUMZco2JRtONOwc0f7T8CahkEjHpMcy1BFYm7oDSrW3iUnwhxYffDUYDgeDL\/+yM+gsjpNjMRru9FB7xNSgVE4h8qjSE9tol5yrzzs0\/RDg6ZVBc+HYJHN5BLGo0PSyw\/0\/hhgO8BpsDbZhkP6CSKIaGy50D4VxIrLG6CBYIW3urdVsV8t40BEIRXIiki3RyJ7iaxvLxWpj60o6mYuquqETlWtjOHfpdZ\/feturId07qZLS6zQg6FmHSOID0dj2QmWoKq8KI3xeLgVVih1Bgs4jCQINtAEQSdYy114hRBqvwDm4fSXDxwuIJDalDOdjIUWalu5\/SJvjSCIW0yeRRLoXr7wVaYp97wuG\/86M04V+i86Sa+WQq5rOMSNhNNLJXAuhJFc8EcqGtC0T6prJ6LBD0dMIS2IGEXNuXA8dTjphY8io130o4hBVWenq1VE7GwHpe+0N\/iYrOYlDJFK+BCHPNRcyOVP0VNAzAHKpBIVptP2HQqamNQ2BOaXwV6kdI1oWEDoEJlm72LOvuXKzAQW8VufiHENnnxhKPsHMOpaq946ly9x0tUrn4Tj9iOP08iKJifJ6Kq1Oon7anU0l\/cbH5FZXrJLI\/x3n6TCeT2URTDTVlRPSgIaL6Tw2KzldLEOSWV1VImgSGs1KHn+rMLPWAjoB8pkh9AiZqmsp1ll1ZlnMPYx6rhsfbU+JvDSxBqal2uGMCL26J0Kn90TSHSAqnT6CXITTFLRu\/13LPL10lsK4CVdFUsIdzw6nU\/fjsVQTJHWjbddhRx4jMduEkeV4CfwZZ79gJNCsZ9CxtK79aIIN1llASl3pXHjrsA8WXN+kFbvjOYoOOtiqoS8s+mhyheyaABZk5dacQOJlAb28J0JPApXVzhg3DThk\/iplnwoF\/MRMYf8VKnGVCwtcYdBkQEZkULJoDFycFFNnFPD0PBCgi0hhBUcRUkNllbjObkTF8a7F+tFrTJuXwcW2L2uXCdus3p+QpweRGj03OhCgL\/78DQbw78JzDhV02HFOveF6xCklbSmUSjS1kdZXdt1gOp4DUzmxym\/yKnhBijRmRyqXAdHeAhKWlzvu+vORFMcQY7D0VeM0VvH2y9CLCFljUi50mRRBj88Oz47XuAZBkZwyRj\/lStQKbW6SuJws4GKRATCdaWnShuITZZ10Hjv2GPW8YxNWKgo1jq+TGL5Gd5yw6k2MGGfTUieO4+1vAUVPgUpiYxaqLteYv0qxZiVbqttcU6SRbNORMOgjJtolTcWQ7o8iah1zxj7WOULDpE1502u6YpHOdSG1lyjNy06SIFg6CjSZch4Uy4U2YUbo8PcdMt3W77DpchXuftJ0\/rH9LQCwybnPXRUeODmNzm901X5w6\/TsOK\/VOo832hjSYieMwhUqZUqbQ8Ns1nXRB0e2EQjAh8lWwcJZQUF2hsNiKCsZd7tsnDCwHUVse0vs6EV7u4inB0+MUO0va0iCFioaDSdhKwWVxJsFgOh5QNGDE9e+B\/Dhp5zV7H+hRrb5brffdK47G2Fnns5+XZB1o40TCs7u\/Ld8vMHSS2OB7SB004olhUvsvP0wRgyS0oQ4ZiXgaqfptTftB2yquqPQ\/RLAEsNBI4wgDE\/h8htbEIL4P8hkfCJWWFemoqZdrvfDPXceBMN\/51Lg6weoLlf2YZDA1901ZiEoXnRgYemIa++M3iTv4Ip3otaWxBsvKYidSwtNO3rAvUYuy3D\/jwGkbn8OVAfD8F4LGWeGwc7ON5uIa0OWZ0LPwJF\/AdqNaD9YDjfq+E44L6pgAXxEIRzNchUveMvObINwyfHkMfsJ4rcx9+U0\/pOzua3PwE6OvOruZ49FPfJmoqMKhfTRXgICTdtbGyywZLK5htFi9ybpzDWz4CblRoqeDXoIynUPUjQaMo5gtSh0wybEQkdKx3sdbn\/FjFHMKHX8Cp3ROU8Qf4iAO6E3KdS38INVh280KCLWCBXbAbMgfCcBFKsg6YL0sAzKSS67eCtATyC7ZjYsEDh8L9Od2R7rrgmF26j5PffvU02i0BgOSTblu1+nrpuwk9c9CwIJW80djfb9PZGQb53sZfse5ml\/rWFDS4uxfB+iYhbXTft+AnKIUgxY75BBBT4rgeYGtZ+FatDFAHg0PtgOntqkCZYpgRwL8X0XkjMjmnlUdTEVg0WFDHccsuENYjTcP0CuceXbfwWrdiRUiIRwN9YVBF50OoSaS9odnrlf2AzlJ9YNJJ1qP0J4MLn3Fx6WxJlJqz9BnO7o0lxqbdS9miCOed6yX\/A+HVm3HEKEfWDGqSs4OhDE6\/e1hZbKCr+VYQx385qDSAr8FsTrIu2\/\" \/> \t\t<a href=\"https:\/\/www.pdf24.org\" target=\"_blank\" title=\"www.pdf24.org\" rel=\"nofollow\"><img src=\"https:\/\/inacreditavel.com.br\/wp\/wp-content\/plugins\/pdf24-post-to-pdf\/img\/pdf_32x32.png\" alt=\"\" border=\"0\" height=\"32\" \/><\/a> \t\t<span class=\"pdf24Plugin-cp-space\">&nbsp;&nbsp;<\/span> \t\t<span class=\"pdf24Plugin-cp-text\">Enviar artigo em PDF<\/span> \t\t<span class=\"pdf24Plugin-cp-space\">&nbsp;&nbsp;<\/span> \t\t<input class=\"pdf24Plugin-cp-input\" style=\"margin: 0px;\" type=\"text\" name=\"sendEmailTo\" placeholder=\"Digite endere\u00e7o de e-mail\" \/> \t\t<input class=\"pdf24Plugin-cp-submit\" style=\"margin: 0px;\" type=\"submit\" value=\"Enviar\" \/> \t<\/form> <\/div>","protected":false},"excerpt":{"rendered":"<p>Arquivos Euro Docs Auto-afirma\u00e7\u00e3o s\u00f3cio-racial Afro Latinos Nippo Brasil Trof\u00e9u Ra\u00e7a Negra Despertar Europeu \u00cdndios online Diversos Das Ende der Wanderschaft Wir sind Horst Truth11.com Dieudosph\u00e8re, o site oficial de Dieudonn\u00e9 Palavra Livre Blog do Toedter Alfredo Braga Politically Incorrect &hellip; <a href=\"https:\/\/inacreditavel.com.br\/wp\/links\/\">Continue lendo <span class=\"meta-nav\">&rarr;<\/span><\/a><\/p>\n","protected":false},"author":1,"featured_media":0,"parent":0,"menu_order":0,"comment_status":"closed","ping_status":"closed","template":"onecolumn-page.php","meta":[],"_links":{"self":[{"href":"https:\/\/inacreditavel.com.br\/wp\/wp-json\/wp\/v2\/pages\/1066"}],"collection":[{"href":"https:\/\/inacreditavel.com.br\/wp\/wp-json\/wp\/v2\/pages"}],"about":[{"href":"https:\/\/inacreditavel.com.br\/wp\/wp-json\/wp\/v2\/types\/page"}],"author":[{"embeddable":true,"href":"https:\/\/inacreditavel.com.br\/wp\/wp-json\/wp\/v2\/users\/1"}],"replies":[{"embeddable":true,"href":"https:\/\/inacreditavel.com.br\/wp\/wp-json\/wp\/v2\/comments?post=1066"}],"version-history":[{"count":85,"href":"https:\/\/inacreditavel.com.br\/wp\/wp-json\/wp\/v2\/pages\/1066\/revisions"}],"predecessor-version":[{"id":16765,"href":"https:\/\/inacreditavel.com.br\/wp\/wp-json\/wp\/v2\/pages\/1066\/revisions\/16765"}],"wp:attachment":[{"href":"https:\/\/inacreditavel.com.br\/wp\/wp-json\/wp\/v2\/media?parent=1066"}],"curies":[{"name":"wp","href":"https:\/\/api.w.org\/{rel}","templated":true}]}}